{"id":24,"date":"2023-09-13T16:22:03","date_gmt":"2023-09-13T19:22:03","guid":{"rendered":"https:\/\/ingles.enarg.com.br\/index.php\/lp-profile\/"},"modified":"2023-09-13T16:22:03","modified_gmt":"2023-09-13T19:22:03","slug":"lp-profile","status":"publish","type":"page","link":"https:\/\/ingles.enarg.com.br\/index.php\/lp-profile\/","title":{"rendered":"Profile"},"content":{"rendered":"<div class=\"learnpress\">\r\n<div id=\"learn-press-profile\"  class=\"lp-user-profile current-user guest\">\r\n\t<section class=\"instructor-details-area pt-130 pb-80 pt-md-95 pb-md-60 pt-xs-95 pb-xs-60 post-24 page type-page status-publish hentry\">\r\n    <div class=\"container\">\r\n        <div class=\"row\">\r\n            <div class=\"col-xl-12 col-lg-12\">\r\n                <div class=\"instructor-profile-img mb-30\" style=\"background-image: url(https:\/\/secure.gravatar.com\/avatar\/?s=2555&#038;d=mm&#038;r=g);\"><\/div>\r\n            <\/div>\r\n            <div class=\"col-xl-6 col-lg-12\">\r\n                <div class=\"instructor-profile\">\r\n                    <h2>Instructor Profile<\/h2>\r\n                    <ul class=\"profile-list mb-50\">\r\n                        <li>\r\n\t\t\t\t\t\t\tName :                             <span>  <\/span>\r\n                        <\/li>\r\n\t\t\t\t\t\t                            <li>\r\n\t\t\t\t\t\t\t\tRole :                                 <span> Instructor <\/span>\r\n                            <\/li>\r\n\t\t\t\t\t\t                        <li>\r\n\t\t\t\t\t\t\tEmail :                             <span> ingles@enarg.com.br <\/span>\r\n                        <\/li>\r\n\t\t\t\t\t\t                            <li>\r\n\t\t\t\t\t\t\t\tWebsite :                                 <span>\r\n                                    <a href=\"https:\/\/ingles.enarg.com.br\">\r\n                                        https:\/\/ingles.enarg.com.br                                    <\/a>\r\n                                <\/span>\r\n                            <\/li>\r\n\t\t\t\t\t\t                        <li>\r\n                            <div class=\"social-media\">\r\n\t\t\t\t\t\t\t\t                            <\/div>\r\n                        <\/li>\r\n                    <\/ul>\r\n                <\/div>\r\n            <\/div>\r\n            <div class=\"col-xl-6 col-lg-12\">\r\n                <div class=\"instructor-profile\">\r\n                    <h2>Courses Info<\/h2>\r\n                    <div class=\"star-icon mb-20\">\r\n\t\t\t\t\t\t                        <div class=\"review-stars-rated\" title=\"0\">\r\n\t\t\t\t\t\t\t                                <div class=\"review-star review_star_profile_wrap\">\r\n                                    <i class=\"far fa-star\"><\/i>\r\n                                    <i class=\"fas\" style=\"width:0%;\">\r\n                                        <svg xmlns=\"http:\/\/www.w3.org\/2000\/svg\" width=\"16\" height=\"16\" fill=\"currentColor\" class=\"bi bi-star-fill\" viewBox=\"0 0 16 16\">\r\n                                            <path d=\"M3.612 15.443c-.386.198-.824-.149-.746-.592l.83-4.73L.173 6.765c-.329-.314-.158-.888.283-.95l4.898-.696L7.538.792c.197-.39.73-.39.927 0l2.184 4.327 4.898.696c.441.062.612.636.283.95l-3.523 3.356.83 4.73c.078.443-.36.79-.746.592L8 13.187l-4.389 2.256z\"\/>\r\n                                        <\/svg>\r\n                                    <\/i>\r\n                                <\/div>\r\n\t\t\t\t\t\t\t                                <div class=\"review-star review_star_profile_wrap\">\r\n                                    <i class=\"far fa-star\"><\/i>\r\n                                    <i class=\"fas\" style=\"width:0%;\">\r\n                                        <svg xmlns=\"http:\/\/www.w3.org\/2000\/svg\" width=\"16\" height=\"16\" fill=\"currentColor\" class=\"bi bi-star-fill\" viewBox=\"0 0 16 16\">\r\n                                            <path d=\"M3.612 15.443c-.386.198-.824-.149-.746-.592l.83-4.73L.173 6.765c-.329-.314-.158-.888.283-.95l4.898-.696L7.538.792c.197-.39.73-.39.927 0l2.184 4.327 4.898.696c.441.062.612.636.283.95l-3.523 3.356.83 4.73c.078.443-.36.79-.746.592L8 13.187l-4.389 2.256z\"\/>\r\n                                        <\/svg>\r\n                                    <\/i>\r\n                                <\/div>\r\n\t\t\t\t\t\t\t                                <div class=\"review-star review_star_profile_wrap\">\r\n                                    <i class=\"far fa-star\"><\/i>\r\n                                    <i class=\"fas\" style=\"width:0%;\">\r\n                                        <svg xmlns=\"http:\/\/www.w3.org\/2000\/svg\" width=\"16\" height=\"16\" fill=\"currentColor\" class=\"bi bi-star-fill\" viewBox=\"0 0 16 16\">\r\n                                            <path d=\"M3.612 15.443c-.386.198-.824-.149-.746-.592l.83-4.73L.173 6.765c-.329-.314-.158-.888.283-.95l4.898-.696L7.538.792c.197-.39.73-.39.927 0l2.184 4.327 4.898.696c.441.062.612.636.283.95l-3.523 3.356.83 4.73c.078.443-.36.79-.746.592L8 13.187l-4.389 2.256z\"\/>\r\n                                        <\/svg>\r\n                                    <\/i>\r\n                                <\/div>\r\n\t\t\t\t\t\t\t                                <div class=\"review-star review_star_profile_wrap\">\r\n                                    <i class=\"far fa-star\"><\/i>\r\n                                    <i class=\"fas\" style=\"width:0%;\">\r\n                                        <svg xmlns=\"http:\/\/www.w3.org\/2000\/svg\" width=\"16\" height=\"16\" fill=\"currentColor\" class=\"bi bi-star-fill\" viewBox=\"0 0 16 16\">\r\n                                            <path d=\"M3.612 15.443c-.386.198-.824-.149-.746-.592l.83-4.73L.173 6.765c-.329-.314-.158-.888.283-.95l4.898-.696L7.538.792c.197-.39.73-.39.927 0l2.184 4.327 4.898.696c.441.062.612.636.283.95l-3.523 3.356.83 4.73c.078.443-.36.79-.746.592L8 13.187l-4.389 2.256z\"\/>\r\n                                        <\/svg>\r\n                                    <\/i>\r\n                                <\/div>\r\n\t\t\t\t\t\t\t                                <div class=\"review-star review_star_profile_wrap\">\r\n                                    <i class=\"far fa-star\"><\/i>\r\n                                    <i class=\"fas\" style=\"width:0%;\">\r\n                                        <svg xmlns=\"http:\/\/www.w3.org\/2000\/svg\" width=\"16\" height=\"16\" fill=\"currentColor\" class=\"bi bi-star-fill\" viewBox=\"0 0 16 16\">\r\n                                            <path d=\"M3.612 15.443c-.386.198-.824-.149-.746-.592l.83-4.73L.173 6.765c-.329-.314-.158-.888.283-.95l4.898-.696L7.538.792c.197-.39.73-.39.927 0l2.184 4.327 4.898.696c.441.062.612.636.283.95l-3.523 3.356.83 4.73c.078.443-.36.79-.746.592L8 13.187l-4.389 2.256z\"\/>\r\n                                        <\/svg>\r\n                                    <\/i>\r\n                                <\/div>\r\n\t\t\t\t\t\t\t                        <\/div>\r\n                    <\/div>\r\n\t\t\t\t\t                    <h5 class=\"total-stu pt-30\">\r\n                        <span>\r\n                            <img src=\"https:\/\/ingles.enarg.com.br\/wp-content\/themes\/zoomy\/assets\/img\/avatar-outline-badged-2.svg\" alt=\" Courses\">\r\n                            No Students                        <\/span>\r\n                        <span class=\"float-sm-end\">\r\n                            <img src=\"https:\/\/ingles.enarg.com.br\/wp-content\/themes\/zoomy\/assets\/img\/course.svg\" alt=\" Courses\">\r\n                            0+ Courses                        <\/span>\r\n                    <\/h5>\r\n\r\n                <\/div>\r\n            <\/div>\r\n\r\n\t\t\t                <h2 class=\"profile-author-course-heading\">\r\n\t\t\t\t\tCourses                <\/h2>\r\n\t\t\t\t                    <div class=\"col-lg-4 col-md-6\">\r\n                        <div class=\"z-gallery mb-30\">\r\n\r\n                            <div class=\"z-gallery__thumb mb-20\">\r\n                                <a href=\"https:\/\/ingles.enarg.com.br\/index.php\/courses\/ingles-medico-1-barcelo\/\">\r\n\t\t\t\t\t\t\t\t\t                                <\/a>\r\n\t\t\t\t\t\t\t\t                            <\/div>\r\n\r\n                            <div class=\"z-gallery__content\">\r\n                                <div class=\"course__tag mb-15\">\r\n\t\t\t\t\t\t\t\t\t<span><a href=\"https:\/\/ingles.enarg.com.br\/index.php\/course-category\/barcelo\/\">Barcel\u00f3<\/a><\/span>                                     <a class=\"f-right profile-instructor-avatar\" href=\"https:\/\/ingles.enarg.com.br\/index.php\/lp-profile\/administrador\/\">\r\n\t\t\t\t\t\t\t\t\t\t<img alt=\"User Avatar\" src=\"https:\/\/secure.gravatar.com\/avatar\/a28c14c9b978bf6ba09778b5b18eb516?s=96&amp;d=mm&amp;r=g\" height=\"0\" width=\"0\">                                    <\/a>\r\n                                <\/div>\r\n                                <h4 class=\"sub-title mb-20\">\r\n                                    <a href=\"https:\/\/ingles.enarg.com.br\/index.php\/courses\/ingles-medico-1-barcelo\/\"> Ingl\u00eas M\u00e9dico 1 &#8211; Barcel\u00f3 <\/a>\r\n                                <\/h4>\r\n                                <div class=\"course__meta\">\r\n\t\t\t\t\t\t\t\t\t<span>\r\n\t\t\t\t\t\t\t\t\t\t<img class=\"icon\" src=\"https:\/\/ingles.enarg.com.br\/wp-content\/plugins\/zoomy-core\/widgets\/images\/\/time.svg\" alt=\"Time Icon\">\r\n\t\t\t\t\t\t\t\t\t\t2 Class\t\t\t\t\t\t\t\t\t<\/span>\r\n\r\n                                    <span>\r\n\t\t\t\t\t\t\t\t\t\t<img class=\"icon\" src=\"https:\/\/ingles.enarg.com.br\/wp-content\/plugins\/zoomy-core\/widgets\/images\/\/bar-chart.svg\" alt=\"Bar chart Icon\">\r\n\t\t\t\t\t\t\t\t\t\t Beginner\t\t\t\t\t\t\t\t\t<\/span>\r\n\r\n                                    <span>\r\n\t\t\t\t\t\t\t\t\t\t<img class=\"icon\" src=\"https:\/\/ingles.enarg.com.br\/wp-content\/plugins\/zoomy-core\/widgets\/images\/\/user.svg\" alt=\"User Icon\">\r\n\t\t\t\t\t\t\t\t\t\t14+\r\n\t\t\t\t\t\t\t\t\t<\/span>\r\n\r\n                                    <span> &#036;6.000,00 <\/span>\r\n                                <\/div>\r\n\r\n                            <\/div>\r\n                        <\/div>\r\n                    <\/div>\r\n\r\n\t\t\t\t\r\n        <\/div>\r\n    <\/div>\r\n<\/section><\/div><\/div>\n","protected":false},"excerpt":{"rendered":"","protected":false},"author":1,"featured_media":0,"parent":0,"menu_order":0,"comment_status":"closed","ping_status":"closed","template":"","meta":{"footnotes":""},"acf":[],"_links":{"self":[{"href":"https:\/\/ingles.enarg.com.br\/index.php\/wp-json\/wp\/v2\/pages\/24"}],"collection":[{"href":"https:\/\/ingles.enarg.com.br\/index.php\/wp-json\/wp\/v2\/pages"}],"about":[{"href":"https:\/\/ingles.enarg.com.br\/index.php\/wp-json\/wp\/v2\/types\/page"}],"author":[{"embeddable":true,"href":"https:\/\/ingles.enarg.com.br\/index.php\/wp-json\/wp\/v2\/users\/1"}],"replies":[{"embeddable":true,"href":"https:\/\/ingles.enarg.com.br\/index.php\/wp-json\/wp\/v2\/comments?post=24"}],"version-history":[{"count":0,"href":"https:\/\/ingles.enarg.com.br\/index.php\/wp-json\/wp\/v2\/pages\/24\/revisions"}],"wp:attachment":[{"href":"https:\/\/ingles.enarg.com.br\/index.php\/wp-json\/wp\/v2\/media?parent=24"}],"curies":[{"name":"wp","href":"https:\/\/api.w.org\/{rel}","templated":true}]}}